{"id":192,"date":"2025-02-10T19:33:28","date_gmt":"2025-02-10T18:33:28","guid":{"rendered":"https:\/\/robustesse.org\/?page_id=192"},"modified":"2025-07-16T19:18:34","modified_gmt":"2025-07-16T17:18:34","slug":"evenement","status":"publish","type":"page","link":"https:\/\/robustesse.org\/index.php\/evenement\/","title":{"rendered":"Ev\u00e8nement"},"content":{"rendered":"<p>[et_pb_section fb_built=\u00a0\u00bb1&Prime; _builder_version=\u00a0\u00bb4.27.0&Prime; _module_preset=\u00a0\u00bbdefault\u00a0\u00bb global_colors_info=\u00a0\u00bb{}\u00a0\u00bb][et_pb_row column_structure=\u00a0\u00bb1_2,1_2&Prime; _builder_version=\u00a0\u00bb4.27.0&Prime; _module_preset=\u00a0\u00bbdefault\u00a0\u00bb global_colors_info=\u00a0\u00bb{}\u00a0\u00bb][et_pb_column type=\u00a0\u00bb1_2&Prime; _builder_version=\u00a0\u00bb4.27.0&Prime; _module_preset=\u00a0\u00bbdefault\u00a0\u00bb global_colors_info=\u00a0\u00bb{}\u00a0\u00bb][et_pb_image src=\u00a0\u00bbhttps:\/\/robustesse.org\/wp-content\/uploads\/2025\/07\/6-et-17-octobre.png\u00a0\u00bb alt=\u00a0\u00bbRobustesse\u00a0\u00bb title_text=\u00a0\u00bb6 et 17 octobre\u00a0\u00bb _builder_version=\u00a0\u00bb4.27.0&Prime; _module_preset=\u00a0\u00bbdefault\u00a0\u00bb hover_enabled=\u00a0\u00bb0&Prime; global_colors_info=\u00a0\u00bb{}\u00a0\u00bb sticky_enabled=\u00a0\u00bb0&Prime;][\/et_pb_image][\/et_pb_column][et_pb_column type=\u00a0\u00bb1_2&Prime; _builder_version=\u00a0\u00bb4.27.0&Prime; _module_preset=\u00a0\u00bbdefault\u00a0\u00bb global_colors_info=\u00a0\u00bb{}\u00a0\u00bb][et_pb_accordion _builder_version=\u00a0\u00bb4.27.0&Prime; _module_preset=\u00a0\u00bbdefault\u00a0\u00bb min_height=\u00a0\u00bb1052.8px\u00a0\u00bb border_width_all=\u00a0\u00bb0px\u00a0\u00bb global_colors_info=\u00a0\u00bb{}\u00a0\u00bb][et_pb_accordion_item title=\u00a0\u00bbOp\u00e9rationnaliser la Robustesse en Entreprise 6 et 17 octobre 2025 | Namur\u00a0\u00bb open=\u00a0\u00bbon\u00a0\u00bb _builder_version=\u00a0\u00bb4.27.0&Prime; _module_preset=\u00a0\u00bbdefault\u00a0\u00bb global_colors_info=\u00a0\u00bb{}\u00a0\u00bb toggle_level=\u00a0\u00bbh2&Prime;]<\/p>\n<p>Dans un monde incertain, la robustesse s\u2019impose comme un v\u00e9ritable levier strat\u00e9gique.<\/p>\n<p>Cet \u00e9v\u00e9nement exclusif s\u2019adresse aux dirigeants et cadres souhaitant int\u00e9grer concr\u00e8tement la robustesse dans leur organisation.<\/p>\n<p><strong>J1 &#8211; 6\/10 | Une organisation d&rsquo;entreprise robuste<\/strong><\/p>\n<p><span style=\"font-weight: 400;\">Alors que notre esp\u00e8ce a d\u00e9velopp\u00e9 toute une ing\u00e9nierie organisationnelle <\/span><i><span style=\"font-weight: 400;\">\u2014 allant des mod\u00e8les les plus participatifs aux plus centralis\u00e9s \u2014<\/span><\/i><span style=\"font-weight: 400;\"> pour poursuivre ses objectifs de mani\u00e8re proactive, le Vivant, lui, adopte une troisi\u00e8me voie. Il mise sur une approche qui relie directement les enjeux rencontr\u00e9s \u00e0 la diversit\u00e9 des ressources disponibles dans son environnement.\u00a0<\/span><\/p>\n<p><span style=\"font-weight: 400;\">Apr\u00e8s une introduction \u00e0 la robustesse et aux neurosciences vous aurez l\u2019occasion de :<\/span><\/p>\n<ul>\n<li style=\"list-style-type: none;\">\n<ul>\n<li aria-level=\"1\"><span style=\"font-weight: 400;\">Travailler sur le diagnostic approfondi de vos enjeux pour r\u00e9organiser la cha\u00eene de d\u00e9cision et vos plans d&rsquo;actions.\u00a0<\/span><\/li>\n<li aria-level=\"1\"><span style=\"font-weight: 400;\">Reconna\u00eetre la valeur de la diversit\u00e9 cognitive pr\u00e9sente dans vos \u00e9quipes.\u00a0<\/span><\/li>\n<li aria-level=\"1\"><span style=\"font-weight: 400;\">Capitaliser sur cette valeur pour mieux rencontrer les enjeux diagnostiqu\u00e9s.<\/span><strong><\/strong><\/li>\n<\/ul>\n<\/li>\n<\/ul>\n<p><b>J2 &#8211; 17\/10\u00a0<strong> | <\/strong>\u00ab\u00a0Mod\u00e8les, Process et Projets Robustes\u00a0\u00bb\u00a0<\/b><\/p>\n<p><span style=\"font-weight: 400;\">Le Vivant ne se contente pas de s\u2019organiser de mani\u00e8re robuste, il agit aussi avec robustesse. Lorsqu\u2019il se met en action vers un objectif, il privil\u00e9gie d\u2019abord la cr\u00e9ation de liens avec un r\u00e9seau de partenaires, avant de mobiliser ses propres ressources.\u00a0<\/span><strong>\u00a0<\/strong><\/p>\n<p>Vous aurez ainsi l&rsquo;occasion de:<\/p>\n<ul>\n<li style=\"list-style-type: none;\">\n<ul>\n<li aria-level=\"1\"><span style=\"font-weight: 400;\">R\u00e9aliser un diagnostic des d\u00e9pendances et des risques sur tout ou partie de votre cha\u00eene de valeur \/ un projet sp\u00e9cifique<\/span><\/li>\n<li aria-level=\"1\"><span style=\"font-weight: 400;\">Apprendre \u00e0 traiter ces risques et d\u00e9pendances de mani\u00e8re robuste.<\/span><\/li>\n<li aria-level=\"1\"><span style=\"font-weight: 400;\">D\u00e9couvrir 3 niveaux de robustesse et 3 niveaux d&rsquo;adaptabilit\u00e9.<\/span><\/li>\n<li aria-level=\"1\"><span style=\"font-weight: 400;\">C<\/span><span style=\"font-weight: 400;\">omprendre l&rsquo;impact d&rsquo;une approche robuste sur la mise en capacit\u00e9 de votre entreprise.\u00a0<\/span><\/li>\n<\/ul>\n<\/li>\n<\/ul>\n<p>[\/et_pb_accordion_item][\/et_pb_accordion][\/et_pb_column][\/et_pb_row][et_pb_row _builder_version=\u00a0\u00bb4.27.0&Prime; _module_preset=\u00a0\u00bbdefault\u00a0\u00bb global_colors_info=\u00a0\u00bb{}\u00a0\u00bb][et_pb_column type=\u00a0\u00bb4_4&Prime; _builder_version=\u00a0\u00bb4.27.0&Prime; _module_preset=\u00a0\u00bbdefault\u00a0\u00bb global_colors_info=\u00a0\u00bb{}\u00a0\u00bb][et_pb_accordion _builder_version=\u00a0\u00bb4.27.0&Prime; _module_preset=\u00a0\u00bbdefault\u00a0\u00bb custom_margin=\u00a0\u00bb-79px|||||\u00a0\u00bb border_width_all=\u00a0\u00bb0px\u00a0\u00bb global_colors_info=\u00a0\u00bb{}\u00a0\u00bb][et_pb_accordion_item open=\u00a0\u00bbon\u00a0\u00bb _builder_version=\u00a0\u00bb4.27.0&Prime; _module_preset=\u00a0\u00bbdefault\u00a0\u00bb global_colors_info=\u00a0\u00bb{}\u00a0\u00bb]<\/p>\n<p><strong>Horaires :<\/strong> 8h30 &#8211; 17h00 <br \/><strong>Tarif :<\/strong> 800\u20ac HTVA par jour par entreprise \/ organisation (lunch des participants inclus)<br \/><strong>Participants :<\/strong> Chaque entreprise doit \u00eatre repr\u00e9sent\u00e9e par <strong>au moins deux personnes<\/strong> (et jusqu\u2019\u00e0 trois), id\u00e9alement le dirigeant accompagn\u00e9 d\u2019un responsable RSE et\/ou RH pour maximiser l\u2019impact.<\/p>\n<p><strong>Intervenants<\/strong><\/p>\n<ul>\n<li><strong>Olivier Bouche<\/strong> \u2013 Fondateur de la plateforme #Robustesse.org, il est membre de l\u2019Institut Michel Serres. Il accompagne les entreprises dans l\u2019op\u00e9rationnalisation de la robustesse et si\u00e8ge dans plusieurs organes de gouvernance avec cette expertise.<\/li>\n<li><strong>Des experts de Polygones<\/strong> \u2013 Cabinet de conseil en durabilit\u00e9 et strat\u00e9gie ESG, apportant leur expertise sur les mod\u00e8les \u00e9conomiques robustes et r\u00e9g\u00e9n\u00e9ratifs.<\/li>\n<li><strong>Des experts de Cap Conseil<\/strong> &#8211; Cabinet de conseil en RSE, d\u00e9veloppement durable et gouvernance apportant une expertise pragmatique tant sur la strat\u00e9gie, l\u2019impl\u00e9mentation et le reporting ESG.\u00a0<\/li>\n<\/ul>\n<p>Un \u00e9v\u00e9nement interactif et pragmatique con\u00e7u pour outiller les dirigeants face aux d\u00e9fis actuels et futurs.<\/p>\n<p><strong>Places limit\u00e9es \u2013 Inscrivez-vous d\u00e8s maintenant !<\/strong><\/p>\n<p>[\/et_pb_accordion_item][\/et_pb_accordion][\/et_pb_column][\/et_pb_row][et_pb_row _builder_version=\u00a0\u00bb4.27.0&Prime; _module_preset=\u00a0\u00bbdefault\u00a0\u00bb global_colors_info=\u00a0\u00bb{}\u00a0\u00bb][et_pb_column type=\u00a0\u00bb4_4&Prime; _builder_version=\u00a0\u00bb4.27.0&Prime; _module_preset=\u00a0\u00bbdefault\u00a0\u00bb global_colors_info=\u00a0\u00bb{}\u00a0\u00bb][et_pb_accordion _builder_version=\u00a0\u00bb4.27.0&Prime; _module_preset=\u00a0\u00bbdefault\u00a0\u00bb global_colors_info=\u00a0\u00bb{}\u00a0\u00bb][et_pb_accordion_item title=\u00a0\u00bbPour davantage d&rsquo;informations\u00a0\u00bb open=\u00a0\u00bbon\u00a0\u00bb _builder_version=\u00a0\u00bb4.27.0&Prime; _module_preset=\u00a0\u00bbdefault\u00a0\u00bb global_colors_info=\u00a0\u00bb{}\u00a0\u00bb]<\/p>\n<p>N&rsquo;h\u00e9sitez pas \u00e0 contacter quelqu&rsquo;un de l&rsquo;\u00e9quipe en envoyant un mail avec vos coordonn\u00e9es \u00e0 <a href=\"mailto:info@robustesse.org\">hello@robustesse.org<\/a> .<\/p>\n<p>Pour r\u00e9server vos places, il suffit de remplir le formulaire ci-dessous. Nous reprendrons contact avec vous dans la foul\u00e9e pour valider votre inscription.<\/p>\n<p>[\/et_pb_accordion_item][\/et_pb_accordion][\/et_pb_column][\/et_pb_row][et_pb_row _builder_version=\u00a0\u00bb4.27.0&Prime; _module_preset=\u00a0\u00bbdefault\u00a0\u00bb global_colors_info=\u00a0\u00bb{}\u00a0\u00bb][et_pb_column type=\u00a0\u00bb4_4&Prime; _builder_version=\u00a0\u00bb4.27.0&Prime; _module_preset=\u00a0\u00bbdefault\u00a0\u00bb global_colors_info=\u00a0\u00bb{}\u00a0\u00bb][et_pb_code _builder_version=\u00a0\u00bb4.27.0&Prime; _module_preset=\u00a0\u00bbdefault\u00a0\u00bb link_option_url=\u00a0\u00bb\t%91wpforms id=%22199%22%93&Prime; global_colors_info=\u00a0\u00bb{}\u00a0\u00bb][\/et_pb_code][et_pb_code _builder_version=\u00a0\u00bb4.27.0&Prime; _module_preset=\u00a0\u00bbdefault\u00a0\u00bb global_colors_info=\u00a0\u00bb{}\u00a0\u00bb]\t<div class=\"wpforms-container wpforms-container-full wpforms-render-modern\" id=\"wpforms-199\"><form id=\"wpforms-form-199\" class=\"wpforms-validate wpforms-form wpforms-ajax-form\" data-formid=\"199\" method=\"post\" enctype=\"multipart\/form-data\" action=\"\/index.php\/wp-json\/wp\/v2\/pages\/192\" data-token=\"be0c2af0b5f552e5a5d762fae22ab606\" data-token-time=\"1775466583\"><noscript class=\"wpforms-error-noscript\">Veuillez activer JavaScript dans votre navigateur pour remplir ce formulaire.<\/noscript><div class=\"wpforms-hidden\" id=\"wpforms-error-noscript\">Veuillez activer JavaScript dans votre navigateur pour remplir ce formulaire.<\/div><div class=\"wpforms-field-container\"><div id=\"wpforms-199-field_1-container\" class=\"wpforms-field wpforms-field-name\" data-field-id=\"1\"><fieldset><legend class=\"wpforms-field-label\">Nom <span class=\"wpforms-required-label\" aria-hidden=\"true\">*<\/span><\/legend><div class=\"wpforms-field-row wpforms-field-medium\"><div class=\"wpforms-field-row-block wpforms-first wpforms-one-half\"><input type=\"text\" id=\"wpforms-199-field_1\" class=\"wpforms-field-name-first wpforms-field-required\" name=\"wpforms[fields][1][first]\" aria-errormessage=\"wpforms-199-field_1-error\" required><label for=\"wpforms-199-field_1\" class=\"wpforms-field-sublabel after\">Pr\u00e9nom<\/label><\/div><div class=\"wpforms-field-row-block wpforms-one-half\"><input type=\"text\" id=\"wpforms-199-field_1-last\" class=\"wpforms-field-name-last wpforms-field-required\" name=\"wpforms[fields][1][last]\" aria-errormessage=\"wpforms-199-field_1-last-error\" required><label for=\"wpforms-199-field_1-last\" class=\"wpforms-field-sublabel after\">Nom<\/label><\/div><\/div><\/fieldset><\/div><div id=\"wpforms-199-field_2-container\" class=\"wpforms-field wpforms-field-email\" data-field-id=\"2\"><label class=\"wpforms-field-label\" for=\"wpforms-199-field_2\">Email <span class=\"wpforms-required-label\" aria-hidden=\"true\">*<\/span><\/label><input type=\"email\" id=\"wpforms-199-field_2\" class=\"wpforms-field-medium wpforms-field-required\" name=\"wpforms[fields][2]\" spellcheck=\"false\" aria-errormessage=\"wpforms-199-field_2-error\" required><\/div><div id=\"wpforms-199-field_3-container\" class=\"wpforms-field wpforms-field-textarea\" data-field-id=\"3\"><label class=\"wpforms-field-label\" for=\"wpforms-199-field_3\">Entreprise et num de TVA <span class=\"wpforms-required-label\" aria-hidden=\"true\">*<\/span><\/label><textarea id=\"wpforms-199-field_3\" class=\"wpforms-field-medium wpforms-field-required\" name=\"wpforms[fields][3]\" aria-errormessage=\"wpforms-199-field_3-error\" required><\/textarea><\/div><div id=\"wpforms-199-field_5-container\" class=\"wpforms-field wpforms-field-checkbox\" data-field-id=\"5\"><fieldset><legend class=\"wpforms-field-label\">Personnes pr\u00e9sentes <span class=\"wpforms-required-label\" aria-hidden=\"true\">*<\/span><\/legend><ul id=\"wpforms-199-field_5\" class=\"wpforms-field-required\"><li class=\"choice-1 depth-1\"><input type=\"checkbox\" id=\"wpforms-199-field_5_1\" name=\"wpforms[fields][5][]\" value=\"Dirigeant\" aria-errormessage=\"wpforms-199-field_5_1-error\" required ><label class=\"wpforms-field-label-inline\" for=\"wpforms-199-field_5_1\">Dirigeant<\/label><\/li><li class=\"choice-2 depth-1\"><input type=\"checkbox\" id=\"wpforms-199-field_5_2\" name=\"wpforms[fields][5][]\" value=\"Responsable RSE\" aria-errormessage=\"wpforms-199-field_5_2-error\" required ><label class=\"wpforms-field-label-inline\" for=\"wpforms-199-field_5_2\">Responsable RSE<\/label><\/li><li class=\"choice-3 depth-1\"><input type=\"checkbox\" id=\"wpforms-199-field_5_3\" name=\"wpforms[fields][5][]\" value=\"Responsable RH\" aria-errormessage=\"wpforms-199-field_5_3-error\" required ><label class=\"wpforms-field-label-inline\" for=\"wpforms-199-field_5_3\">Responsable RH<\/label><\/li><li class=\"choice-4 depth-1\"><input type=\"checkbox\" id=\"wpforms-199-field_5_4\" name=\"wpforms[fields][5][]\" value=\"Autre\" aria-errormessage=\"wpforms-199-field_5_4-error\" required ><label class=\"wpforms-field-label-inline\" for=\"wpforms-199-field_5_4\">Autre<\/label><\/li><\/ul><\/fieldset><\/div><\/div><!-- .wpforms-field-container --><div class=\"wpforms-submit-container\" ><input type=\"hidden\" name=\"wpforms[id]\" value=\"199\"><input type=\"hidden\" name=\"page_title\" value=\"\"><input type=\"hidden\" name=\"page_url\" value=\"https:\/\/robustesse.org\/index.php\/wp-json\/wp\/v2\/pages\/192\"><button type=\"submit\" name=\"wpforms[submit]\" id=\"wpforms-submit-199\" class=\"wpforms-submit\" data-alt-text=\"Sending...\" data-submit-text=\"Submit\" aria-live=\"assertive\" value=\"wpforms-submit\">Submit<\/button><img loading=\"lazy\" decoding=\"async\" src=\"https:\/\/robustesse.org\/wp-content\/plugins\/wpforms-lite\/assets\/images\/submit-spin.svg\" class=\"wpforms-submit-spinner\" style=\"display: none;\" width=\"26\" height=\"26\" alt=\"Chargement en cours\"><\/div><\/form><\/div>  <!-- .wpforms-container -->[\/et_pb_code][\/et_pb_column][\/et_pb_row][et_pb_row _builder_version=\u00a0\u00bb4.27.0&Prime; _module_preset=\u00a0\u00bbdefault\u00a0\u00bb global_colors_info=\u00a0\u00bb{}\u00a0\u00bb][et_pb_column type=\u00a0\u00bb4_4&Prime; _builder_version=\u00a0\u00bb4.27.0&Prime; _module_preset=\u00a0\u00bbdefault\u00a0\u00bb global_colors_info=\u00a0\u00bb{}\u00a0\u00bb][et_pb_accordion _builder_version=\u00a0\u00bb4.27.0&Prime; _module_preset=\u00a0\u00bbdefault\u00a0\u00bb global_colors_info=\u00a0\u00bb{}\u00a0\u00bb][et_pb_accordion_item title=\u00a0\u00bbPartenaires \u00a0\u00bb open=\u00a0\u00bbon\u00a0\u00bb _builder_version=\u00a0\u00bb4.27.0&Prime; _module_preset=\u00a0\u00bbdefault\u00a0\u00bb border_width_all=\u00a0\u00bb0px\u00a0\u00bb global_colors_info=\u00a0\u00bb{}\u00a0\u00bb toggle_level=\u00a0\u00bbh2&Prime;][\/et_pb_accordion_item][\/et_pb_accordion][\/et_pb_column][\/et_pb_row][et_pb_row column_structure=\u00a0\u00bb1_5,1_5,1_5,1_5,1_5&Prime; _builder_version=\u00a0\u00bb4.27.0&Prime; _module_preset=\u00a0\u00bbdefault\u00a0\u00bb global_colors_info=\u00a0\u00bb{}\u00a0\u00bb][et_pb_column type=\u00a0\u00bb1_5&Prime; _builder_version=\u00a0\u00bb4.27.0&Prime; _module_preset=\u00a0\u00bbdefault\u00a0\u00bb global_colors_info=\u00a0\u00bb{}\u00a0\u00bb][et_pb_image src=\u00a0\u00bbhttps:\/\/robustesse.org\/wp-content\/uploads\/2025\/02\/4P.png\u00a0\u00bb alt=\u00a0\u00bb4P Robustesse\u00a0\u00bb title_text=\u00a0\u00bb4P institute \u00a0\u00bb url=\u00a0\u00bbhttps:\/\/www.4p.institute\/\u00a0\u00bb _builder_version=\u00a0\u00bb4.27.0&Prime; _module_preset=\u00a0\u00bbdefault\u00a0\u00bb box_shadow_style=\u00a0\u00bbpreset3&Prime; global_colors_info=\u00a0\u00bb{}\u00a0\u00bb][\/et_pb_image][\/et_pb_column][et_pb_column type=\u00a0\u00bb1_5&Prime; _builder_version=\u00a0\u00bb4.27.0&Prime; _module_preset=\u00a0\u00bbdefault\u00a0\u00bb global_colors_info=\u00a0\u00bb{}\u00a0\u00bb][et_pb_image src=\u00a0\u00bbhttps:\/\/robustesse.org\/wp-content\/uploads\/2024\/09\/logo_cap_2.jpg\u00a0\u00bb alt=\u00a0\u00bbCap Conseil\u00a0\u00bb title_text=\u00a0\u00bblogo_cap_2&Prime; _builder_version=\u00a0\u00bb4.27.0&Prime; _module_preset=\u00a0\u00bbdefault\u00a0\u00bb global_colors_info=\u00a0\u00bb{}\u00a0\u00bb][\/et_pb_image][\/et_pb_column][et_pb_column type=\u00a0\u00bb1_5&Prime; _builder_version=\u00a0\u00bb4.27.0&Prime; _module_preset=\u00a0\u00bbdefault\u00a0\u00bb global_colors_info=\u00a0\u00bb{}\u00a0\u00bb][et_pb_image src=\u00a0\u00bbhttps:\/\/robustesse.org\/wp-content\/uploads\/2025\/02\/Logo-polygone.jpg\u00a0\u00bb title_text=\u00a0\u00bbLogo polygone\u00a0\u00bb url=\u00a0\u00bbhttp:\/\/www.polygones.be\u00a0\u00bb _builder_version=\u00a0\u00bb4.27.0&Prime; _module_preset=\u00a0\u00bbdefault\u00a0\u00bb box_shadow_style=\u00a0\u00bbpreset3&Prime; global_colors_info=\u00a0\u00bb{}\u00a0\u00bb][\/et_pb_image][\/et_pb_column][et_pb_column type=\u00a0\u00bb1_5&Prime; _builder_version=\u00a0\u00bb4.27.0&Prime; _module_preset=\u00a0\u00bbdefault\u00a0\u00bb global_colors_info=\u00a0\u00bb{}\u00a0\u00bb][et_pb_image src=\u00a0\u00bbhttps:\/\/robustesse.org\/wp-content\/uploads\/2025\/02\/IMS.png\u00a0\u00bb alt=\u00a0\u00bbInbstitut Michel Serres\u00a0\u00bb title_text=\u00a0\u00bbsite institut michel serres\u00a0\u00bb url=\u00a0\u00bbhttps:\/\/institutmichelserres.fr\/trombinoscope\/\u00a0\u00bb _builder_version=\u00a0\u00bb4.27.0&Prime; _module_preset=\u00a0\u00bbdefault\u00a0\u00bb box_shadow_style=\u00a0\u00bbpreset3&Prime; global_colors_info=\u00a0\u00bb{}\u00a0\u00bb][\/et_pb_image][\/et_pb_column][et_pb_column type=\u00a0\u00bb1_5&Prime; _builder_version=\u00a0\u00bb4.27.0&Prime; _module_preset=\u00a0\u00bbdefault\u00a0\u00bb global_colors_info=\u00a0\u00bb{}\u00a0\u00bb][et_pb_image src=\u00a0\u00bbhttps:\/\/robustesse.org\/wp-content\/uploads\/2024\/09\/1Log-CoRe-HighRes-RVB.png\u00a0\u00bb alt=\u00a0\u00bbCorporate Regeneration\u00a0\u00bb title_text=\u00a0\u00bbCorporate ReGeneration\u00a0\u00bb _builder_version=\u00a0\u00bb4.27.0&Prime; _module_preset=\u00a0\u00bbdefault\u00a0\u00bb global_colors_info=\u00a0\u00bb{}\u00a0\u00bb][\/et_pb_image][\/et_pb_column][\/et_pb_row][\/et_pb_section]<\/p>\n","protected":false},"excerpt":{"rendered":"<p>Dans un monde incertain, la robustesse s\u2019impose comme un v\u00e9ritable levier strat\u00e9gique. Cet \u00e9v\u00e9nement exclusif s\u2019adresse aux dirigeants et cadres souhaitant int\u00e9grer concr\u00e8tement la robustesse dans leur organisation. J1 &#8211; 6\/10 | Une organisation d&rsquo;entreprise robuste Alors que notre esp\u00e8ce a d\u00e9velopp\u00e9 toute une ing\u00e9nierie organisationnelle \u2014 allant des mod\u00e8les les plus participatifs aux plus [&hellip;]<\/p>\n","protected":false},"author":1,"featured_media":0,"parent":0,"menu_order":0,"comment_status":"closed","ping_status":"closed","template":"","meta":{"_et_pb_use_builder":"on","_et_pb_old_content":"","_et_gb_content_width":"","footnotes":""},"class_list":["post-192","page","type-page","status-publish","hentry"],"_links":{"self":[{"href":"https:\/\/robustesse.org\/index.php\/wp-json\/wp\/v2\/pages\/192","targetHints":{"allow":["GET"]}}],"collection":[{"href":"https:\/\/robustesse.org\/index.php\/wp-json\/wp\/v2\/pages"}],"about":[{"href":"https:\/\/robustesse.org\/index.php\/wp-json\/wp\/v2\/types\/page"}],"author":[{"embeddable":true,"href":"https:\/\/robustesse.org\/index.php\/wp-json\/wp\/v2\/users\/1"}],"replies":[{"embeddable":true,"href":"https:\/\/robustesse.org\/index.php\/wp-json\/wp\/v2\/comments?post=192"}],"version-history":[{"count":21,"href":"https:\/\/robustesse.org\/index.php\/wp-json\/wp\/v2\/pages\/192\/revisions"}],"predecessor-version":[{"id":267,"href":"https:\/\/robustesse.org\/index.php\/wp-json\/wp\/v2\/pages\/192\/revisions\/267"}],"wp:attachment":[{"href":"https:\/\/robustesse.org\/index.php\/wp-json\/wp\/v2\/media?parent=192"}],"curies":[{"name":"wp","href":"https:\/\/api.w.org\/{rel}","templated":true}]}}